{"id":120,"date":"2012-11-20T23:00:31","date_gmt":"2012-11-20T23:00:31","guid":{"rendered":"http:\/\/zachconsulting.ch\/?page_id=120"},"modified":"2012-11-20T23:58:57","modified_gmt":"2012-11-20T23:58:57","slug":"120-2","status":"publish","type":"page","link":"https:\/\/zachconsulting.ch\/?page_id=120","title":{"rendered":"Messungen wozu"},"content":{"rendered":"<pre><a title=\"Dienstleistungen\" href=\"http:\/\/zachconsulting.ch\/?page_id=4\"><span style=\"text-decoration: underline; color: #808080;\"><em>&lt;&lt; zur\u00fcck zu 'Dienstleistungen'<\/em><\/span><\/a><\/pre>\n<h1>Wozu dienen akustische Messungen?<\/h1>\n<p><strong><span style=\"text-decoration: underline;\"><img decoding=\"async\" loading=\"lazy\" class=\"alignleft  wp-image-125\" style=\"border: 0px none; margin: 5px;\" title=\"web1\" src=\"http:\/\/zachconsulting.ch\/wp-content\/uploads\/2012\/11\/web1-300x200.jpg\" alt=\"\" width=\"204\" height=\"111\" \/><\/span><\/strong><\/p>\n<p><strong><span style=\"text-decoration: underline;\">Grunds\u00e4tzliches:<\/span><\/strong><\/p>\n<p>Das Ohr ist ein (lebens-)wichtiges Sinnesorgan des Menschen. Schallwahrnehmungen beeinflussen unser Leben. Zu unserem Wohlbehagen gilt es, den erw\u00fcnschten Schall (=Komfort) zu verbessern (Verst\u00e4ndlichkeit, Klangfarbe, Lautheit, Selektivit\u00e4t, Ortung) und unerw\u00fcnschter Schall (=L\u00e4rm) zu reduzieren (Verhindern, D\u00e4mmen und Absorbieren von l\u00e4stigen St\u00f6rungen).<\/p>\n<p>Technische Messungen helfen uns, die akustischen Ph\u00e4nomene zu erkennen, zu umschreiben, zu bewerten und zu untersuchen. Dank der Resultate lernen wir sie zu ver\u00e4ndern und vorauszusagen.<br \/>\n<br class=\"clear\" \/><br \/>\n<strong><span style=\"text-decoration: underline;\">Emissionsmessungen:<img decoding=\"async\" loading=\"lazy\" class=\"alignright  wp-image-122\" title=\"web2\" src=\"http:\/\/zachconsulting.ch\/wp-content\/uploads\/2012\/11\/web2-300x162.jpg\" alt=\"\" width=\"300\" height=\"162\" srcset=\"https:\/\/zachconsulting.ch\/wp-content\/uploads\/2012\/11\/web2-300x162.jpg 300w, https:\/\/zachconsulting.ch\/wp-content\/uploads\/2012\/11\/web2.jpg 384w\" sizes=\"(max-width: 300px) 100vw, 300px\" \/><\/span><\/strong><br \/>\nAbstrahlungseigenschaften (momentane und mittlere Lautheit als Schalldruck oder Schallintensit\u00e4t, gesamthaft und frequenzspektral, Richtcharakteristik) werden im Nahfeld von Schallquellen erfasst. Daraus k\u00f6nnen die weiteren Ausbreitungen der Schallwellen abgeleitet werden.<br \/>\n<br class=\"clear\" \/><br \/>\n<br class=\"clear\" \/><br \/>\n<strong><span style=\"text-decoration: underline;\"><img decoding=\"async\" loading=\"lazy\" class=\"alignleft  wp-image-141\" style=\"margin: 5px;\" title=\"web3b\" src=\"http:\/\/zachconsulting.ch\/wp-content\/uploads\/2012\/11\/web3b.jpg\" alt=\"\" width=\"204\" height=\"133\" \/><\/span><\/strong><strong><span style=\"text-decoration: underline;\">Immissionsmessungen: <\/span><\/strong><\/p>\n<p>Einwirkungen auf den Menschen und seine Wohnbereiche (Maximale und zeitliche Schallbelastungen, L\u00e4rmdosis) werden insbesondere zum Vergleich mit Grenzwerten erfasst.<\/p>\n<p><br class=\"clear\" \/><br \/>\n<br class=\"clear\" \/><br \/>\n<br class=\"clear\" \/><strong><span style=\"text-decoration: underline;\">Bauakustische Messungen: <\/span><\/strong><\/p>\n<p>D\u00e4mm-, Absorptions- und Reflexionsverhalten von Materialien und \u00dcbertragungswege in Bauwerken werden zur Optimierung beobachtet. (Schwachstellenortung, Qualit\u00e4tsnachweise, Raumkomfort und Wohlklang, Verst\u00e4ndlichkeit, Wahrnehmbarkeit).<\/p>\n<table style=\"width: 284px;\" border=\"0\" cellspacing=\"0\" cellpadding=\"0\">\n<tbody>\n<tr>\n<td valign=\"top\" width=\"93\"><strong><span style=\"text-decoration: underline;\"><img decoding=\"async\" loading=\"lazy\" class=\"alignnone size-medium wp-image-121\" title=\"Web4\" src=\"http:\/\/zachconsulting.ch\/wp-content\/uploads\/2012\/11\/Web4-300x197.jpg\" alt=\"\" width=\"300\" height=\"197\" srcset=\"https:\/\/zachconsulting.ch\/wp-content\/uploads\/2012\/11\/Web4-300x197.jpg 300w, https:\/\/zachconsulting.ch\/wp-content\/uploads\/2012\/11\/Web4.jpg 476w\" sizes=\"(max-width: 300px) 100vw, 300px\" \/><\/span><\/strong><\/td>\n<td valign=\"top\" width=\"293\"><img decoding=\"async\" loading=\"lazy\" class=\"alignnone size-medium wp-image-123\" title=\"web5\" src=\"http:\/\/zachconsulting.ch\/wp-content\/uploads\/2012\/11\/web5-300x194.jpg\" alt=\"\" width=\"300\" height=\"194\" srcset=\"https:\/\/zachconsulting.ch\/wp-content\/uploads\/2012\/11\/web5-300x194.jpg 300w, https:\/\/zachconsulting.ch\/wp-content\/uploads\/2012\/11\/web5.jpg 460w\" sizes=\"(max-width: 300px) 100vw, 300px\" \/><\/td>\n<td valign=\"top\" width=\"296\"><img decoding=\"async\" loading=\"lazy\" class=\"alignnone size-medium wp-image-124\" title=\"web6\" src=\"http:\/\/zachconsulting.ch\/wp-content\/uploads\/2012\/11\/web6-300x197.jpg\" alt=\"\" width=\"300\" height=\"197\" srcset=\"https:\/\/zachconsulting.ch\/wp-content\/uploads\/2012\/11\/web6-300x197.jpg 300w, https:\/\/zachconsulting.ch\/wp-content\/uploads\/2012\/11\/web6.jpg 469w\" sizes=\"(max-width: 300px) 100vw, 300px\" \/><\/td>\n<\/tr>\n<\/tbody>\n<\/table>\n<p><br class=\"clear\" \/><br \/>\n<strong><span style=\"text-decoration: underline;\">Forschung und Entwicklung:<\/span><\/strong><\/p>\n<p>Messungen dienen der M\u00e4ngelanalysen, Produktverbesserung, Typenbescheinigung und Grenzwerteinhaltung.<\/p>\n<p><strong><span style=\"text-decoration: underline;\">Medizin:<\/span><\/strong><\/p>\n<p>Geh\u00f6rverm\u00f6gen, Frequenzgang, Trennsch\u00e4rfe, Sensitivit\u00e4ten k\u00f6nnen analysiert werden.<\/p>\n<p><strong><span style=\"text-decoration: underline;\">Von uns eingesetzte Messger\u00e4te: <\/span><\/strong><\/p>\n<p>Geeichte Pr\u00e4zisions-(Impuls-)Schallpegelmesser, Pistonphon-Kalibratoren, Pegelschreiber,\u00a0 Schallintensit\u00e4tsanalyzer mit Sonden, Aufzeichnungsger\u00e4te, Statistik- und Mittelungsger\u00e4te, Zweikanal-Echtzeitanalysatoren, Spektrumanalyzer, Terz-\/Oktavbandfilter, Tragbare Leistungs-Schallquellen mit Rauschgeneratoren, Labor-Messverst\u00e4rker.<\/p>\n<p>&nbsp;<\/p>\n<pre><span style=\"color: #808080;\"><a title=\"Dienstleistungen\" href=\"http:\/\/zachconsulting.ch\/?page_id=4\"><span style=\"color: #808080;\"><em>&lt;&lt; zur\u00fcck zu 'Dienstleistungen'<\/em><\/span><\/a><\/span><\/pre>\n","protected":false},"excerpt":{"rendered":"<p>&lt;&lt; zur\u00fcck zu &#8218;Dienstleistungen&#8216; Wozu dienen akustische Messungen? Grunds\u00e4tzliches: Das Ohr ist ein (lebens-)wichtiges Sinnesorgan des Menschen. Schallwahrnehmungen beeinflussen unser Leben. Zu unserem Wohlbehagen gilt es, den erw\u00fcnschten Schall (=Komfort) zu verbessern (Verst\u00e4ndlichkeit, Klangfarbe, Lautheit, Selektivit\u00e4t, Ortung) und unerw\u00fcnschter Schall (=L\u00e4rm) zu reduzieren (Verhindern, D\u00e4mmen und Absorbieren von l\u00e4stigen St\u00f6rungen). Technische Messungen helfen uns, die [&hellip;]<\/p>\n","protected":false},"author":1,"featured_media":0,"parent":4,"menu_order":0,"comment_status":"open","ping_status":"open","template":"","meta":[],"_links":{"self":[{"href":"https:\/\/zachconsulting.ch\/index.php?rest_route=\/wp\/v2\/pages\/120"}],"collection":[{"href":"https:\/\/zachconsulting.ch\/index.php?rest_route=\/wp\/v2\/pages"}],"about":[{"href":"https:\/\/zachconsulting.ch\/index.php?rest_route=\/wp\/v2\/types\/page"}],"author":[{"embeddable":true,"href":"https:\/\/zachconsulting.ch\/index.php?rest_route=\/wp\/v2\/users\/1"}],"replies":[{"embeddable":true,"href":"https:\/\/zachconsulting.ch\/index.php?rest_route=%2Fwp%2Fv2%2Fcomments&post=120"}],"version-history":[{"count":52,"href":"https:\/\/zachconsulting.ch\/index.php?rest_route=\/wp\/v2\/pages\/120\/revisions"}],"predecessor-version":[{"id":181,"href":"https:\/\/zachconsulting.ch\/index.php?rest_route=\/wp\/v2\/pages\/120\/revisions\/181"}],"up":[{"embeddable":true,"href":"https:\/\/zachconsulting.ch\/index.php?rest_route=\/wp\/v2\/pages\/4"}],"wp:attachment":[{"href":"https:\/\/zachconsulting.ch\/index.php?rest_route=%2Fwp%2Fv2%2Fmedia&parent=120"}],"curies":[{"name":"wp","href":"https:\/\/api.w.org\/{rel}","templated":true}]}}