{"id":29,"date":"2012-05-31T11:08:01","date_gmt":"2012-05-31T11:08:01","guid":{"rendered":"http:\/\/zachconsulting.ch\/wordpress\/?page_id=29"},"modified":"2012-06-19T00:22:26","modified_gmt":"2012-06-19T00:22:26","slug":"portrat","status":"publish","type":"page","link":"https:\/\/zachconsulting.ch\/?page_id=29","title":{"rendered":"Portr\u00e4t"},"content":{"rendered":"<div>\n<p>Bisherige T\u00e4tigkeiten und Erfahrungen<\/p>\n<\/div>\n<h1>Ausbildung:<\/h1>\n<p>Bauzeichnerlehre, Eidgen\u00f6ssiche Matura C, Bauingenieurstudium mit Diplom ETHZ (Vertiefung Statik und Verkehr)<\/p>\n<h1>Beruf:<\/h1>\n<p>Assistent ETHZ, Verkehrsplanung und Transporttechnik, in Z\u00fcrich<\/p>\n<p>Ing.b\u00fcro BBS, Bern: Verkehrsingenieur. Einf\u00fchrung in Akustik (5 Jahre)<\/p>\n<p>SBB Infrastruktur AG: (31 Jahre):<\/p>\n<p style=\"padding-left: 30px;\">Messtechnische Analysen, Forschung und Entwicklung im Bereich L\u00e4rm-, Ersch\u00fctterung- und allgemeiner Umweltschutz. Mitwirkung in nationalen und internationalen Bahnprojekten und Forschungsgremien.<\/p>\n<p style=\"padding-left: 30px;\">Mitwirkung beim Festlegen von gesetzgeberischen, normativen, technischen und operativen Vorgaben zur L\u00e4rmsanierung.<\/p>\n<p style=\"padding-left: 30px;\">Konzeption, Aufbau, Optimierung, Realisierung von EDV-Tools (SEMIBEL, VIBRAS1-2-3, netzweite Emissions- und Immissionskataster, Akustikprojektierungstool in GIS.<\/p>\n<p style=\"padding-left: 30px;\">Leitung des Akustikteams bei der SBB-L\u00e4rmsanierung, sowie Logistik und Kommunikation mit Beh\u00f6rden, Presse und Privaten.<\/p>\n<p style=\"padding-left: 30px;\">Ab 1. Juli 2012 pensioniert und selbstst\u00e4ndig erwerbend.<\/p>\n<h1>Private Interessen:<\/h1>\n<p>Lokalpolitik: Baukommissions-, Schulpr\u00e4sident, Gemeinderat.<\/p>\n<p>Haus- und Gartenbau, Handwerken f\u00fcr Eigengebrauch<\/p>\n","protected":false},"excerpt":{"rendered":"<p>Bisherige T\u00e4tigkeiten und Erfahrungen Ausbildung: Bauzeichnerlehre, Eidgen\u00f6ssiche Matura C, Bauingenieurstudium mit Diplom ETHZ (Vertiefung Statik und Verkehr) Beruf: Assistent ETHZ, Verkehrsplanung und Transporttechnik, in Z\u00fcrich Ing.b\u00fcro BBS, Bern: Verkehrsingenieur. Einf\u00fchrung in Akustik (5 Jahre) SBB Infrastruktur AG: (31 Jahre): Messtechnische Analysen, Forschung und Entwicklung im Bereich L\u00e4rm-, Ersch\u00fctterung- und allgemeiner Umweltschutz. Mitwirkung in nationalen und [&hellip;]<\/p>\n","protected":false},"author":1,"featured_media":0,"parent":12,"menu_order":2,"comment_status":"open","ping_status":"closed","template":"","meta":[],"_links":{"self":[{"href":"https:\/\/zachconsulting.ch\/index.php?rest_route=\/wp\/v2\/pages\/29"}],"collection":[{"href":"https:\/\/zachconsulting.ch\/index.php?rest_route=\/wp\/v2\/pages"}],"about":[{"href":"https:\/\/zachconsulting.ch\/index.php?rest_route=\/wp\/v2\/types\/page"}],"author":[{"embeddable":true,"href":"https:\/\/zachconsulting.ch\/index.php?rest_route=\/wp\/v2\/users\/1"}],"replies":[{"embeddable":true,"href":"https:\/\/zachconsulting.ch\/index.php?rest_route=%2Fwp%2Fv2%2Fcomments&post=29"}],"version-history":[{"count":14,"href":"https:\/\/zachconsulting.ch\/index.php?rest_route=\/wp\/v2\/pages\/29\/revisions"}],"predecessor-version":[{"id":103,"href":"https:\/\/zachconsulting.ch\/index.php?rest_route=\/wp\/v2\/pages\/29\/revisions\/103"}],"up":[{"embeddable":true,"href":"https:\/\/zachconsulting.ch\/index.php?rest_route=\/wp\/v2\/pages\/12"}],"wp:attachment":[{"href":"https:\/\/zachconsulting.ch\/index.php?rest_route=%2Fwp%2Fv2%2Fmedia&parent=29"}],"curies":[{"name":"wp","href":"https:\/\/api.w.org\/{rel}","templated":true}]}}