{"id":31,"date":"2012-05-31T11:22:25","date_gmt":"2012-05-31T11:22:25","guid":{"rendered":"http:\/\/zachconsulting.ch\/wordpress\/?page_id=31"},"modified":"2014-06-14T12:08:53","modified_gmt":"2014-06-14T12:08:53","slug":"home","status":"publish","type":"page","link":"https:\/\/zachconsulting.ch\/","title":{"rendered":"Home"},"content":{"rendered":"<p><span style=\"font-size: x-large;\">Suchen Sie L\u00f6sungen im Bereich Akustik, Bau, Verkehr und Informatik?<\/span><\/p>\n<p>&nbsp;<\/p>\n<p><span style=\"font-size: x-large;\"><span style=\"font-size: x-large;\">Als vielseitiger Ingenieur und zugleich versierter Akustiker biete ich Ihnen ganzheitliche wie auch detaillierte Beratung und konkrete Hilfestellungen.<\/span><\/span><\/p>\n<p>&nbsp;<\/p>\n<p>Meine Erfahrungen in den oben erw\u00e4hnten Themen <a title=\"Portr\u00e4t\" href=\"http:\/\/zachconsulting.ch\/?page_id=29\">sind vielf\u00e4ltig<\/a> . Zudem kenne ich viele <a title=\"Links\" href=\"http:\/\/zachconsulting.ch\/?page_id=6\">Partner und Freunde<\/a>, die mich oder auch Sie direkt unterst\u00fctzen. Ich biete Ihnen zu g\u00fcnstigen Bedingungen mein langj\u00e4hriges Know-How an. Teilen Sie mir unverbindlich Ihre <a title=\"Kontakt\" href=\"http:\/\/zachconsulting.ch\/?page_id=21\">W\u00fcnsche und Fragen<\/a> mit oder rufen Sie mich einfach an. Gerne werde ich Ihnen mein Angebot mit Vorschl\u00e4gen zur L\u00f6sung unterbreiten. Ehrlichkeit, Fairness, Gerechtigkeit, Verantwortung sind f\u00fcr mich wesentliche Leitlinien. Ich freue mich Sie kennenzulernen! Armin Zach, dipl. Bauingenieur ETHZ<\/p>\n","protected":false},"excerpt":{"rendered":"<p>Suchen Sie L\u00f6sungen im Bereich Akustik, Bau, Verkehr und Informatik? &nbsp; Als vielseitiger Ingenieur und zugleich versierter Akustiker biete ich Ihnen ganzheitliche wie auch detaillierte Beratung und konkrete Hilfestellungen. &nbsp; Meine Erfahrungen in den oben erw\u00e4hnten Themen sind vielf\u00e4ltig . Zudem kenne ich viele Partner und Freunde, die mich oder auch Sie direkt unterst\u00fctzen. Ich [&hellip;]<\/p>\n","protected":false},"author":1,"featured_media":0,"parent":12,"menu_order":0,"comment_status":"open","ping_status":"open","template":"","meta":[],"_links":{"self":[{"href":"https:\/\/zachconsulting.ch\/index.php?rest_route=\/wp\/v2\/pages\/31"}],"collection":[{"href":"https:\/\/zachconsulting.ch\/index.php?rest_route=\/wp\/v2\/pages"}],"about":[{"href":"https:\/\/zachconsulting.ch\/index.php?rest_route=\/wp\/v2\/types\/page"}],"author":[{"embeddable":true,"href":"https:\/\/zachconsulting.ch\/index.php?rest_route=\/wp\/v2\/users\/1"}],"replies":[{"embeddable":true,"href":"https:\/\/zachconsulting.ch\/index.php?rest_route=%2Fwp%2Fv2%2Fcomments&post=31"}],"version-history":[{"count":31,"href":"https:\/\/zachconsulting.ch\/index.php?rest_route=\/wp\/v2\/pages\/31\/revisions"}],"predecessor-version":[{"id":198,"href":"https:\/\/zachconsulting.ch\/index.php?rest_route=\/wp\/v2\/pages\/31\/revisions\/198"}],"up":[{"embeddable":true,"href":"https:\/\/zachconsulting.ch\/index.php?rest_route=\/wp\/v2\/pages\/12"}],"wp:attachment":[{"href":"https:\/\/zachconsulting.ch\/index.php?rest_route=%2Fwp%2Fv2%2Fmedia&parent=31"}],"curies":[{"name":"wp","href":"https:\/\/api.w.org\/{rel}","templated":true}]}}