{"id":6,"date":"2012-05-30T21:51:45","date_gmt":"2012-05-30T21:51:45","guid":{"rendered":"http:\/\/zachconsulting.ch\/wordpress\/?page_id=6"},"modified":"2014-06-09T14:40:54","modified_gmt":"2014-06-09T14:40:54","slug":"portrait","status":"publish","type":"page","link":"https:\/\/zachconsulting.ch\/?page_id=6","title":{"rendered":"Links"},"content":{"rendered":"<div><span style=\"font-size: x-large;\">Hier meine pers\u00f6nlichen Empfehlungen!<\/span><\/div>\n<div><\/div>\n<p><span style=\"font-size: large;\">Gesundheitspraxis Corinne Zach, klassisch-europ\u00e4ische Naturheiltherapien, <\/span> <span style=\"font-size: large;\">Lyss, <a href=\"http:\/\/www.praxis-zach.ch\" target=\"_blank\">praxis-zach.ch<\/a><\/span><\/p>\n<p>&nbsp;<\/p>\n<p><span style=\"font-size: large;\"><a href=\"http:\/\/www.Novalab.ch\" target=\"_blank\">Novalab.ch<\/a>, Ihre Webagentur f\u00fcr professionelles Webdesign<\/span><\/p>\n<p>&nbsp;<\/p>\n<p><span style=\"font-size: large;\">Crow Ten. Information Engineering AG, Z\u00fcrich,\u00a0 \/ <a href=\"http:\/\/www.crow-ten.ch\" target=\"_blank\">crow-ten.ch<\/a><\/span><\/p>\n<p>&nbsp;<\/p>\n<p><span style=\"font-size: large;\">Schienenverkehr, Rollmaterialbeschaffung, -instandhaltung, Komponenten, <\/span> <span style=\"font-size: large;\">Bahnfotographie,<\/span> <span style=\"font-size: large;\"><a href=\"http:\/\/www.schienenverkehr-beratung.ch\" target=\"_blank\">www.schienenverkehr-beratung.ch<\/a><\/span><\/p>\n<p>&nbsp;<\/p>\n<p><span style=\"font-size: large;\">Denkmalpflege, Architekturberatung, Bauprozesse, <a href=\"http:\/\/www.tonih\u00e4fliger.ch\" target=\"_blank\">www.tonih\u00e4fliger.ch<\/a><\/span><\/p>\n<p>&nbsp;<\/p>\n<p>Wollen auch Sie hier genannt werden, dann schreiben Sie mir<\/p>\n","protected":false},"excerpt":{"rendered":"<p>Hier meine pers\u00f6nlichen Empfehlungen! Gesundheitspraxis Corinne Zach, klassisch-europ\u00e4ische Naturheiltherapien, Lyss, praxis-zach.ch &nbsp; Novalab.ch, Ihre Webagentur f\u00fcr professionelles Webdesign &nbsp; Crow Ten. Information Engineering AG, Z\u00fcrich,\u00a0 \/ crow-ten.ch &nbsp; Schienenverkehr, Rollmaterialbeschaffung, -instandhaltung, Komponenten, Bahnfotographie, www.schienenverkehr-beratung.ch &nbsp; Denkmalpflege, Architekturberatung, Bauprozesse, www.tonih\u00e4fliger.ch &nbsp; Wollen auch Sie hier genannt werden, dann schreiben Sie mir<\/p>\n","protected":false},"author":1,"featured_media":0,"parent":12,"menu_order":3,"comment_status":"open","ping_status":"closed","template":"","meta":[],"_links":{"self":[{"href":"https:\/\/zachconsulting.ch\/index.php?rest_route=\/wp\/v2\/pages\/6"}],"collection":[{"href":"https:\/\/zachconsulting.ch\/index.php?rest_route=\/wp\/v2\/pages"}],"about":[{"href":"https:\/\/zachconsulting.ch\/index.php?rest_route=\/wp\/v2\/types\/page"}],"author":[{"embeddable":true,"href":"https:\/\/zachconsulting.ch\/index.php?rest_route=\/wp\/v2\/users\/1"}],"replies":[{"embeddable":true,"href":"https:\/\/zachconsulting.ch\/index.php?rest_route=%2Fwp%2Fv2%2Fcomments&post=6"}],"version-history":[{"count":21,"href":"https:\/\/zachconsulting.ch\/index.php?rest_route=\/wp\/v2\/pages\/6\/revisions"}],"predecessor-version":[{"id":191,"href":"https:\/\/zachconsulting.ch\/index.php?rest_route=\/wp\/v2\/pages\/6\/revisions\/191"}],"up":[{"embeddable":true,"href":"https:\/\/zachconsulting.ch\/index.php?rest_route=\/wp\/v2\/pages\/12"}],"wp:attachment":[{"href":"https:\/\/zachconsulting.ch\/index.php?rest_route=%2Fwp%2Fv2%2Fmedia&parent=6"}],"curies":[{"name":"wp","href":"https:\/\/api.w.org\/{rel}","templated":true}]}}